{"id":2444,"date":"2023-03-17T12:34:16","date_gmt":"2023-03-17T12:34:16","guid":{"rendered":"https:\/\/flh-expertise.com\/?page_id=2444"},"modified":"2023-08-20T08:22:34","modified_gmt":"2023-08-20T08:22:34","slug":"termes-et-conditions-dutilisation","status":"publish","type":"page","link":"https:\/\/flh-expertise.com\/ro-ro\/termes-et-conditions-dutilisation\/","title":{"rendered":"Termes et conditions d\u2019utilisation"},"content":{"rendered":"<h2 class=\"wp-block-heading\">ARTICOLUL 1:<\/h2>\n\n\n\n<p>Scopul acestor condi\u021bii generale este de a oferi un cadru legal pentru utilizarea site-ului flh-expertise.com \u0219i a serviciilor sale.<\/p>\n\n\n\n<p>Acest contract este \u00eencheiat \u00eentre:<\/p>\n\n\n\n<p>Managerul site-ului, denumit \u00een continuare \u201eFLH EXPERTISE\u201d, orice persoan\u0103 fizic\u0103 sau juridic\u0103 care dore\u0219te s\u0103 acceseze site-ul \u0219i serviciile acestuia, denumit\u0103 \u00een continuare \u201eUtilizator\u201d.<\/p>\n\n\n\n<h2 class=\"wp-block-heading\">ARTICOLUL 2: \u00a0MENTIUNI LEGALE SI CONTACT<\/h2>\n\n\n\n<p>Site-ul FLH EXPERTISE este editat de societatea FLH EXPERTISE, al c\u0103rui sediu este situat la 5, Boulevard Georges M\u00e9li\u00e8s, 94350 Villiers-sur-Marne.\u00a0 <\/p>\n\n\n\n<p>Telefon: 01 48 81 53 35<\/p>\n\n\n\n<p>Num\u0103r SIRET: 79949754000036<\/p>\n\n\n\n<p>Email : contact@flh-expertise.com<\/p>\n\n\n\n<p>Managerul publica\u021biei site-ului este doamna Florentina Cocos. Managerul RPD este domnul Bogdan Cocos. <\/p>\n\n\n\n<p>Site-ul este g\u0103zduit de SARL TRUNDIN\u00a0 <\/p>\n\n\n\n<p>Coordonn\u00e9es de l&rsquo;h\u00e9bergeur : RAMNICU VALCEA, 240143 VALCEA, ROMANIA <\/p>\n\n\n\n<p>Contact h\u00e9bergeur : +40 (0) 748 210 000 <\/p>\n\n\n\n<p>Responsable conception\/r\u00e9alisation du site : Vlad Zaharia.<\/p>\n\n\n\n<p>Pentru orice \u00eentrebare sau cerere de informa\u021bii referitoare la site sau pentru orice semnalare de con\u021binut sau activit\u0103\u021bi ilegale, utilizatorul poate contacta FLH Expertise la adresa contact@flh-expertise.com sau poate trimite o scrisoare recomandat\u0103 cu confirmare de primire la adresa 5 Boulevard Georges M\u00e9li\u00e8s, 94350 Villiers-sur-Marne.<\/p>\n\n\n\n<h2 class=\"wp-block-heading\">ARTICOLUL 3:  ACCEPTAREA TERMENILOR SE UTILIZARE<\/h2>\n\n\n\n<p>Condi\u021biile generale de utilizare trebuie acceptate de orice Utilizator, iar accesul la site constituie acceptarea acestor condi\u021bii. FLH Expertise \u00ee\u0219i rezerv\u0103 dreptul de a modifica, \u00een orice moment \u0219i f\u0103r\u0103 notificare prealabil\u0103, site-ul sau serviciile sale, precum \u0219i aceste T&amp;C. Prin urmare, este recomandabil s\u0103 consulta\u021bi \u00een orice moment cea mai recent\u0103 versiune a T&amp;C, disponibil\u0103 pe site.<\/p>\n\n\n\n<h2 class=\"wp-block-heading\">ARTICOLUL 4: ACCESUL LA SERVICII<\/h2>\n\n\n\n<p>Orice Utilizator care are acces la Internet poate accesa gratuit site-ul flh-expertise.com. Costurile suportate de Utilizator pentru a accesa site-ul (conexiune la Internet, echipament informatic, etc.) nu sunt \u00een sarcina FLH EXPERTISE. Site-ul flh-expertise.com \u0219i serviciile sale pot fi \u00eentrerupte sau suspendate de c\u0103tre FLH EXPERTISE, \u00een special pentru mentenan\u021b\u0103, f\u0103r\u0103 notificare prealabil\u0103 sau justificare. Conexiunea \u0219i navigarea pe site-ul flh-expertise.com constituie o acceptare necondi\u021bionat\u0103 a Termenilor \u0219i Condi\u021biilor de Utilizare, indiferent de mijlocul tehnic utilizat pentru acces.<\/p>\n\n\n\n<h2 class=\"wp-block-heading\">ARTICOLUL 5: RESPONSABILITATEA UTILIZATORULUI<\/h2>\n\n\n\n<p>Utilizatorul \u00ee\u0219i asum\u0103 \u00eentreaga responsabilitate pentru scopul in care utilizeaza informa\u021biile \u0219i con\u021binutul de pe site-ul flh-expertise.com. Orice utilizare a serviciului de c\u0103tre Utilizator, direct sau indirect, rezult\u00e2nd daune, trebuie compensat\u0103 \u00een beneficiul site-ului. FLH EXPERTISE nu permite utilizatorului s\u0103 publice con\u021binut direct pe site-ul Flh-expertise.com. Utilizatorul poate l\u0103sa un comentariu privat \u00een zona \u201eContact\u201d. El este de acord s\u0103 vorbeasc\u0103 respectuos despre ceilal\u021bi \u0219i despre lege \u0219i accept\u0103 ca aceste publica\u021bii s\u0103 fie moderate sau refuzate de editor, f\u0103r\u0103 obliga\u021bia justific\u0103rii. Utilizatorul este de acord s\u0103 furnizeze o adres\u0103 de e-mail valid\u0103 pe care site-ul flh-expertise.com \u00eei poate trimite o confirmare sau un r\u0103spuns. <\/p>\n\n\n\n<p>Prin scrierea pe site, Utilizatorul atribuie editorului dreptul neexclusiv \u0219i gratuit de a reprezenta, reproduce, adapta, modifica, difuza \u0219i distribui publica\u021bia sa, direct sau de c\u0103tre o ter\u021b\u0103 parte autorizat\u0103. Editorul se angajeaz\u0103, totu\u0219i, s\u0103 citeze Utilizatorul \u00een cazul utiliz\u0103rii publica\u021biei sale Utilizatorul poate solicita \u00een orice moment dezabonarea prin trimiterea unui e-mail la adresa de e-mail de contact abuse@itevopro.com Orice dezabonare va intra \u00een vigoare \u00een maximum 30 de zile lucr\u0103toare de la data primirii cererii.<\/p>\n\n\n\n<h2 class=\"wp-block-heading\">ARTICOLUL 6: RESPONSABILITATEA EDITORULUI<\/h2>\n\n\n\n<p>Orice defec\u021biune a serverului sau a re\u021belei nu poate implica responsabilitatea FLH EXPERTISE. <\/p>\n\n\n\n<p>FLH EXPERTISE este responsabil\u0103 numai pentru con\u021binutul pe care la editat el \u00eensu\u0219i pe site. <\/p>\n\n\n\n<p>FLH EXPERTISE \u00ee\u0219i rezerv\u0103 dreptul de a nu garanta fiabilitatea surselor, de\u0219i informa\u021biile difuzate pe site sunt considerate fiabile. <\/p>\n\n\n\n<p>FLH EXPERTISE nu este responsabil:<\/p>\n\n\n\n<p>\u2022 \u00cen cazul unei defec\u021biuni a serverului sau a re\u021belei<\/p>\n\n\n\n<p>\u2022 \u00cen caz de defec\u021biuni tehnice sau incompatibilitatea site-ului cu orice hardware sau software<\/p>\n\n\n\n<p>\u2022 Con\u021binut sau activitate ilicit\u0103 folosind site-ul s\u0103u Utilizatorul este responsabil pentru protec\u021bia oric\u0103rui hardware sau software utilizat, pentru protec\u021bia datelor sale. <\/p>\n\n\n\n<p>Utilizatorul este considerat responsabil dac\u0103 nu respect\u0103 acesti T&amp;C.<\/p>\n\n\n\n<h2 class=\"wp-block-heading\">ARTICOLUL 7: PROPRIETATEA INTELECTUALA<\/h2>\n\n\n\n<p>Con\u021binutul site-ului flh-expertise.com (logo-uri, texte, elemente grafice sau audio, videoclipuri etc.) sunt proprietatea FLH EXPERTISE \u0219i sunt protejate de drepturile de autor, \u00een conformitate cu legile \u00een vigoare \u00een domeniul propriet\u0103\u021bii intelectuale. Utilizatorul trebuie s\u0103 ob\u021bin\u0103 permisiunea de la FLH EXPERTISE \u00eenainte de orice reproducere, copiere sau publicare a acestor diferite con\u021binuturi. Accesul la con\u021binutul site-ului nu confer\u0103 drepturi de proprietate intelectual\u0103.<\/p>\n\n\n\n<h2 class=\"wp-block-heading\">ARTICOLUL 8: DATE PERSONALE<\/h2>\n\n\n\n<p>Utilizatorul trebuie s\u0103 furnizeze informa\u021bii personale pentru a se \u00eenregistra pe site. Adresa electronic\u0103 a utilizatorului (e-mail) poate fi utilizat\u0103 de site-ul flh-expertise.com pentru comunicarea diferitelor informa\u021bii \u0219i gestionarea contului. Flh-expertise.com garanteaz\u0103 respectarea confiden\u021bialit\u0103\u021bii utilizatorului, \u00een conformitate cu:\u2022 Legea nr. 78-17 din 6 ianuarie 1978 privind prelucrarea datelor, fi\u0219iere \u0219i libert\u0103\u021bi.\u2022 Legea nr. 2018-493 din 20 iunie 2018 privind protec\u021bia datelor cu caracter personal.\u2022 Regulamentul (UE) 2016\/679 al Parlamentului European \u0219i al Consiliului din 27 aprilie 2016 privind protec\u021bia persoanelor \u00een ceea ce prive\u0219te prelucrarea datelor cu caracter personal \u0219i libera circula\u021bie a acestor date \u0219i de abrogare a directivei 95\/46 \/ CE (reglementarea general\u0103 privind protec\u021bia datelor). Prin urmare, Utilizatorul are dreptul de a accesa, rectifica, \u0219terge \u0219i opune datele sale personale. Utilizatorul \u00ee\u0219i exercit\u0103 acest drept prin trimiterea unui e-mail la adresa clients@flh-expertise.com. Modificarea sau \u0219tergerea solicitat\u0103 va intra \u00een vigoare \u00een maximum 30 de zile lucr\u0103toare de la data primirii cererii.<\/p>\n\n\n\n<p>Datele personale colectate pe site-ul flh-expertise.com sunt:\u2022 Numele \u0219i prenumele,\u2022 Adresa de email,\u2022 Num\u0103r de telefon Aceste date sunt colectate atunci c\u00e2nd utilizatorul face o solicitare de contact, prin intermediul formularului de contact de pe site-ul flh-expertise.com.<\/p>\n\n\n\n<p>Managerul site-ului p\u0103streaz\u0103 aceste date \u00een sisteme informatice dedicate \u0219i \u00een condi\u021bii de securitate rezonabile pentru o perioad\u0103 de 12 luni, cu excep\u021bia cazului \u00een care Utilizatorul solicit\u0103 \u0219tergerea acestora \u00eenainte de data de \u00eencheiere a acestei perioade. <\/p>\n\n\n\n<p>Utilizatorul va fi informat despre perioada de p\u0103strare \u0219i despre mijloacele de rectificare sau \u0219tergere a acestor date personale. FLH-EXPERTISE g\u0103zduie\u0219te datele colectate pe platforme situate \u00een Fran\u021ba sau \u00een Uniunea European\u0103. Responsabilul cu protec\u021bia datelor FLH EXPERTISE, SARL TRUNDIN exercit\u0103 func\u021biile de manager de prelucrare a datelor cu caracter personal pentru site-ul flh-expertise.com. Poate fi contactat la adresa clients@flh-expertise.com<\/p>\n\n\n\n<h2 class=\"wp-block-heading\">ARTICOLUL 9: COOKIES<\/h2>\n\n\n\n<p>Site-ul flh-expertise.com poate utiliza tehnici \u201ecookie\u201d care \u00eei permit s\u0103 proceseze statistici \u0219i informa\u021bii despre trafic, pentru a facilita navigarea \u0219i pentru a \u00eembun\u0103t\u0103\u021bi serviciul pentru confortul utilizatorului.\u00cen cazul utiliz\u0103rii fi\u0219ierelor \u201ecookie\u201d care implic\u0103 salvarea \u0219i analiza datelor cu caracter personal, consim\u021b\u0103m\u00e2ntul utilizatorului va fi solicitat \u00een mod sistematic. Consim\u021b\u0103m\u00e2ntul utilizatorului este considerat valabil pentru o perioad\u0103 maxim\u0103 de 12 luni. La sf\u00e2r\u0219itul acestei perioade, site-ul va solicita din nou autorizarea utilizatorului pentru a salva fi\u0219ierele \u201ecookie\u201d pe hard diskul lor. \u00cen cazul utiliz\u0103rii cookie-urilor, utilizatorul este informat c\u0103 se poate opune \u00eenregistr\u0103rii acestor \u201ecookie-uri\u201d configur\u00e2nd software-ul browserului s\u0103u.\u00cen cazul \u00een care utilizatorul decide s\u0103 dezactiveze fi\u0219ierele \u201ecookie-uri\u201d, va putea continua s\u0103 navigheze pe site. Cu toate acestea, orice disfunc\u021bionalitate a site-ului cauzat\u0103 de aceast\u0103 manipulare nu a putut fi considerat\u0103 ca fiind datorat\u0103 editorului site-ului.<\/p>\n\n\n\n<h2 class=\"wp-block-heading\">ARTICOLUL 10: LINKURI HIPERTEXT<\/h2>\n\n\n\n<p>Domeniile c\u0103tre care conduc hyperlinkurile de pe site nu implic\u0103 responsabilitatea editorului flh-expertise.com, care nu are control asupra acestor linkuri.\u00cen ciuda verific\u0103rilor prealabile \u0219i periodice efectuate de FLH EXPERTISE, acesta \u00ee\u0219i declin\u0103 orice responsabilitate pentru con\u021binutul site-urilor sau paginilor acestor linkuri hipertext. Este posibil ca o ter\u021b\u0103 parte s\u0103 creeze un link c\u0103tre o pagin\u0103 a site-ului flh-expertise.com f\u0103r\u0103 autorizarea expres\u0103 a editorului, cu excep\u021bia cazului \u00een care aceast\u0103 partajare nu creeaz\u0103 o a\u0219teptare a imaginii FLH EXPERTISE sau a site-ului s\u0103u. flh-expertise.com. FLH EXPERTISE \u00ee\u0219i rezerv\u0103 dreptul de a solicita eliminarea acestor linkuri \u00een orice moment, f\u0103r\u0103 nicio justificare.<\/p>\n\n\n\n<h2 class=\"wp-block-heading\">ARTICOLUL 11: EVOLUTIA TERMENILOR SI CONTITIILOR<\/h2>\n\n\n\n<p>Site-ul flh-expertise.com \u00ee\u0219i rezerv\u0103 dreptul de a modifica oric\u00e2nd \u0219i f\u0103r\u0103 justificare clauzele acestor condi\u021bii generale de utilizare.<\/p>\n\n\n\n<h2 class=\"wp-block-heading\">ARTICOLUL 12: DURATA CONTRACTULUI<\/h2>\n\n\n\n<p>Durata acestui contract este nedeterminat\u0103. Contractul devine efectiv cu privire la Utilizator de la \u00eenceputul utiliz\u0103rii serviciului.<\/p>\n\n\n\n<h2 class=\"wp-block-heading\">ARTICOLUL 13: LEGEA APLICABIL\u0102 \u0218I INSTANTA COMPETENT\u0102<\/h2>\n\n\n\n<p>Acest contract depinde de legisla\u021bia francez\u0103. \u00cen cazul unui litigiu care nu este solu\u021bionat pe cale amiabil\u0103 \u00eentre Utilizator \u0219i Editor, instan\u021bele din Cr\u00e9teil sunt competente s\u0103 solu\u021bioneze litigiul.<\/p>","protected":false},"excerpt":{"rendered":"<p>ARTICLE 1 : Les pr\u00e9sentes Conditions G\u00e9n\u00e9rales ont pour objet de donner un cadre juridique \u00e0 l&rsquo;utilisation du site flh-expertise.com et de ses services. Le pr\u00e9sent contrat est conclu entre : Le gestionnaire du site, ci-apr\u00e8s d\u00e9nomm\u00e9 FLH EXPERTISE. Toute personne physique ou morale souhaitant acc\u00e9der au site et \u00e0 ses services, ci-apr\u00e8s d\u00e9nomm\u00e9e \u00a0\u00bb [&hellip;]<\/p>","protected":false},"author":3,"featured_media":0,"parent":0,"menu_order":0,"comment_status":"closed","ping_status":"closed","template":"","meta":{"footnotes":""},"class_list":["post-2444","page","type-page","status-publish","hentry"],"rankMath":{"parentDomain":"flh-expertise.com","noFollowDomains":[],"noFollowExcludeDomains":[],"noFollowExternalLinks":false,"featuredImageNotice":"Imaginea reprezentativ\u0103 ar trebui s\u0103 fie de cel pu\u021bin 200 x 200 pixeli pentru a fi preluat\u0103 de Facebook \u0219i de alte re\u021bele de socializare.","pluginReviewed":false,"postSettings":{"linkSuggestions":true,"useFocusKeyword":false},"frontEndScore":false,"postName":"termes-et-conditions-dutilisation","permalinkFormat":"https:\/\/flh-expertise.com\/ro-ro\/%pagename%\/","showLockModifiedDate":true,"assessor":{"focusKeywordLink":"https:\/\/flh-expertise.com\/wp-admin\/edit.php?focus_keyword=%focus_keyword%&post_type=%post_type%","hasTOCPlugin":true,"primaryTaxonomy":false,"serpData":{"title":"","description":"","focusKeywords":"","pillarContent":false,"canonicalUrl":"","breadcrumbTitle":"","advancedRobots":[],"facebookTitle":"","facebookDescription":"","facebookImage":"","facebookImageID":"","facebookHasOverlay":false,"facebookImageOverlay":"","facebookAuthor":"","twitterCardType":"","twitterUseFacebook":true,"twitterTitle":"","twitterDescription":"","twitterImage":"","twitterImageID":"","twitterHasOverlay":false,"twitterImageOverlay":"","twitterPlayerUrl":"","twitterPlayerSize":"","twitterPlayerStream":"","twitterPlayerStreamCtype":"","twitterAppDescription":"","twitterAppIphoneName":"","twitterAppIphoneID":"","twitterAppIphoneUrl":"","twitterAppIpadName":"","twitterAppIpadID":"","twitterAppIpadUrl":"","twitterAppGoogleplayName":"","twitterAppGoogleplayID":"","twitterAppGoogleplayUrl":"","twitterAppCountry":"","robots":{"index":true},"twitterAuthor":"nume utilizator","primaryTerm":0,"authorName":"Code Couture","titleTemplate":"%title% %page% %sep% %sitename%","descriptionTemplate":"","showScoreFrontend":true,"lockModifiedDate":false},"powerWords":[],"diacritics":{"A":"[\\u0041\\u24B6\\uFF21\\u00C0\\u00C1\\u00C2\\u1EA6\\u1EA4\\u1EAA\\u1EA8\\u00C3\\u0100\\u0102\\u1EB0\\u1EAE\\u1EB4\\u1EB2\\u0226\\u01E0\\u00C4\\u01DE\\u1EA2\\u00C5\\u01FA\\u01CD\\u0200\\u0202\\u1EA0\\u1EAC\\u1EB6\\u1E00\\u0104\\u023A\\u2C6F]","AA":"[\\uA732]","AE":"[\\u00C6\\u01FC\\u01E2]","AO":"[\\uA734]","AU":"[\\uA736]","AV":"[\\uA738\\uA73A]","AY":"[\\uA73C]","B":"[\\u0042\\u24B7\\uFF22\\u1E02\\u1E04\\u1E06\\u0243\\u0182\\u0181]","C":"[\\u0043\\u24B8\\uFF23\\u0106\\u0108\\u010A\\u010C\\u00C7\\u1E08\\u0187\\u023B\\uA73E]","D":"[\\u0044\\u24B9\\uFF24\\u1E0A\\u010E\\u1E0C\\u1E10\\u1E12\\u1E0E\\u0110\\u018B\\u018A\\u0189\\uA779]","DZ":"[\\u01F1\\u01C4]","Dz":"[\\u01F2\\u01C5]","E":"[\\u0045\\u24BA\\uFF25\\u00C8\\u00C9\\u00CA\\u1EC0\\u1EBE\\u1EC4\\u1EC2\\u1EBC\\u0112\\u1E14\\u1E16\\u0114\\u0116\\u00CB\\u1EBA\\u011A\\u0204\\u0206\\u1EB8\\u1EC6\\u0228\\u1E1C\\u0118\\u1E18\\u1E1A\\u0190\\u018E]","F":"[\\u0046\\u24BB\\uFF26\\u1E1E\\u0191\\uA77B]","G":"[\\u0047\\u24BC\\uFF27\\u01F4\\u011C\\u1E20\\u011E\\u0120\\u01E6\\u0122\\u01E4\\u0193\\uA7A0\\uA77D\\uA77E]","H":"[\\u0048\\u24BD\\uFF28\\u0124\\u1E22\\u1E26\\u021E\\u1E24\\u1E28\\u1E2A\\u0126\\u2C67\\u2C75\\uA78D]","I":"[\\u0049\\u24BE\\uFF29\\u00CC\\u00CD\\u00CE\\u0128\\u012A\\u012C\\u0130\\u00CF\\u1E2E\\u1EC8\\u01CF\\u0208\\u020A\\u1ECA\\u012E\\u1E2C\\u0197]","J":"[\\u004A\\u24BF\\uFF2A\\u0134\\u0248]","K":"[\\u004B\\u24C0\\uFF2B\\u1E30\\u01E8\\u1E32\\u0136\\u1E34\\u0198\\u2C69\\uA740\\uA742\\uA744\\uA7A2]","L":"[\\u004C\\u24C1\\uFF2C\\u013F\\u0139\\u013D\\u1E36\\u1E38\\u013B\\u1E3C\\u1E3A\\u0141\\u023D\\u2C62\\u2C60\\uA748\\uA746\\uA780]","LJ":"[\\u01C7]","Lj":"[\\u01C8]","M":"[\\u004D\\u24C2\\uFF2D\\u1E3E\\u1E40\\u1E42\\u2C6E\\u019C]","N":"[\\u004E\\u24C3\\uFF2E\\u01F8\\u0143\\u00D1\\u1E44\\u0147\\u1E46\\u0145\\u1E4A\\u1E48\\u0220\\u019D\\uA790\\uA7A4]","NJ":"[\\u01CA]","Nj":"[\\u01CB]","O":"[\\u004F\\u24C4\\uFF2F\\u00D2\\u00D3\\u00D4\\u1ED2\\u1ED0\\u1ED6\\u1ED4\\u00D5\\u1E4C\\u022C\\u1E4E\\u014C\\u1E50\\u1E52\\u014E\\u022E\\u0230\\u00D6\\u022A\\u1ECE\\u0150\\u01D1\\u020C\\u020E\\u01A0\\u1EDC\\u1EDA\\u1EE0\\u1EDE\\u1EE2\\u1ECC\\u1ED8\\u01EA\\u01EC\\u00D8\\u01FE\\u0186\\u019F\\uA74A\\uA74C]","OI":"[\\u01A2]","OO":"[\\uA74E]","OU":"[\\u0222]","P":"[\\u0050\\u24C5\\uFF30\\u1E54\\u1E56\\u01A4\\u2C63\\uA750\\uA752\\uA754]","Q":"[\\u0051\\u24C6\\uFF31\\uA756\\uA758\\u024A]","R":"[\\u0052\\u24C7\\uFF32\\u0154\\u1E58\\u0158\\u0210\\u0212\\u1E5A\\u1E5C\\u0156\\u1E5E\\u024C\\u2C64\\uA75A\\uA7A6\\uA782]","S":"[\\u0053\\u24C8\\uFF33\\u1E9E\\u015A\\u1E64\\u015C\\u1E60\\u0160\\u1E66\\u1E62\\u1E68\\u0218\\u015E\\u2C7E\\uA7A8\\uA784]","T":"[\\u0054\\u24C9\\uFF34\\u1E6A\\u0164\\u1E6C\\u021A\\u0162\\u1E70\\u1E6E\\u0166\\u01AC\\u01AE\\u023E\\uA786]","TZ":"[\\uA728]","U":"[\\u0055\\u24CA\\uFF35\\u00D9\\u00DA\\u00DB\\u0168\\u1E78\\u016A\\u1E7A\\u016C\\u00DC\\u01DB\\u01D7\\u01D5\\u01D9\\u1EE6\\u016E\\u0170\\u01D3\\u0214\\u0216\\u01AF\\u1EEA\\u1EE8\\u1EEE\\u1EEC\\u1EF0\\u1EE4\\u1E72\\u0172\\u1E76\\u1E74\\u0244]","V":"[\\u0056\\u24CB\\uFF36\\u1E7C\\u1E7E\\u01B2\\uA75E\\u0245]","VY":"[\\uA760]","W":"[\\u0057\\u24CC\\uFF37\\u1E80\\u1E82\\u0174\\u1E86\\u1E84\\u1E88\\u2C72]","X":"[\\u0058\\u24CD\\uFF38\\u1E8A\\u1E8C]","Y":"[\\u0059\\u24CE\\uFF39\\u1EF2\\u00DD\\u0176\\u1EF8\\u0232\\u1E8E\\u0178\\u1EF6\\u1EF4\\u01B3\\u024E\\u1EFE]","Z":"[\\u005A\\u24CF\\uFF3A\\u0179\\u1E90\\u017B\\u017D\\u1E92\\u1E94\\u01B5\\u0224\\u2C7F\\u2C6B\\uA762]","a":"[\\u0061\\u24D0\\uFF41\\u1E9A\\u00E0\\u00E1\\u00E2\\u1EA7\\u1EA5\\u1EAB\\u1EA9\\u00E3\\u0101\\u0103\\u1EB1\\u1EAF\\u1EB5\\u1EB3\\u0227\\u01E1\\u00E4\\u01DF\\u1EA3\\u00E5\\u01FB\\u01CE\\u0201\\u0203\\u1EA1\\u1EAD\\u1EB7\\u1E01\\u0105\\u2C65\\u0250]","aa":"[\\uA733]","ae":"[\\u00E6\\u01FD\\u01E3]","ao":"[\\uA735]","au":"[\\uA737]","av":"[\\uA739\\uA73B]","ay":"[\\uA73D]","b":"[\\u0062\\u24D1\\uFF42\\u1E03\\u1E05\\u1E07\\u0180\\u0183\\u0253]","c":"[\\u0063\\u24D2\\uFF43\\u0107\\u0109\\u010B\\u010D\\u00E7\\u1E09\\u0188\\u023C\\uA73F\\u2184]","d":"[\\u0064\\u24D3\\uFF44\\u1E0B\\u010F\\u1E0D\\u1E11\\u1E13\\u1E0F\\u0111\\u018C\\u0256\\u0257\\uA77A]","dz":"[\\u01F3\\u01C6]","e":"[\\u0065\\u24D4\\uFF45\\u00E8\\u00E9\\u00EA\\u1EC1\\u1EBF\\u1EC5\\u1EC3\\u1EBD\\u0113\\u1E15\\u1E17\\u0115\\u0117\\u00EB\\u1EBB\\u011B\\u0205\\u0207\\u1EB9\\u1EC7\\u0229\\u1E1D\\u0119\\u1E19\\u1E1B\\u0247\\u025B\\u01DD]","f":"[\\u0066\\u24D5\\uFF46\\u1E1F\\u0192\\uA77C]","g":"[\\u0067\\u24D6\\uFF47\\u01F5\\u011D\\u1E21\\u011F\\u0121\\u01E7\\u0123\\u01E5\\u0260\\uA7A1\\u1D79\\uA77F]","h":"[\\u0068\\u24D7\\uFF48\\u0125\\u1E23\\u1E27\\u021F\\u1E25\\u1E29\\u1E2B\\u1E96\\u0127\\u2C68\\u2C76\\u0265]","hv":"[\\u0195]","i":"[\\u0069\\u24D8\\uFF49\\u00EC\\u00ED\\u00EE\\u0129\\u012B\\u012D\\u00EF\\u1E2F\\u1EC9\\u01D0\\u0209\\u020B\\u1ECB\\u012F\\u1E2D\\u0268\\u0131]","j":"[\\u006A\\u24D9\\uFF4A\\u0135\\u01F0\\u0249]","k":"[\\u006B\\u24DA\\uFF4B\\u1E31\\u01E9\\u1E33\\u0137\\u1E35\\u0199\\u2C6A\\uA741\\uA743\\uA745\\uA7A3]","l":"[\\u006C\\u24DB\\uFF4C\\u0140\\u013A\\u013E\\u1E37\\u1E39\\u013C\\u1E3D\\u1E3B\\u017F\\u0142\\u019A\\u026B\\u2C61\\uA749\\uA781\\uA747]","lj":"[\\u01C9]","m":"[\\u006D\\u24DC\\uFF4D\\u1E3F\\u1E41\\u1E43\\u0271\\u026F]","n":"[\\u006E\\u24DD\\uFF4E\\u01F9\\u0144\\u00F1\\u1E45\\u0148\\u1E47\\u0146\\u1E4B\\u1E49\\u019E\\u0272\\u0149\\uA791\\uA7A5]","nj":"[\\u01CC]","o":"[\\u006F\\u24DE\\uFF4F\\u00F2\\u00F3\\u00F4\\u1ED3\\u1ED1\\u1ED7\\u1ED5\\u00F5\\u1E4D\\u022D\\u1E4F\\u014D\\u1E51\\u1E53\\u014F\\u022F\\u0231\\u00F6\\u022B\\u1ECF\\u0151\\u01D2\\u020D\\u020F\\u01A1\\u1EDD\\u1EDB\\u1EE1\\u1EDF\\u1EE3\\u1ECD\\u1ED9\\u01EB\\u01ED\\u00F8\\u01FF\\u0254\\uA74B\\uA74D\\u0275]","oi":"[\\u01A3]","ou":"[\\u0223]","oo":"[\\uA74F]","p":"[\\u0070\\u24DF\\uFF50\\u1E55\\u1E57\\u01A5\\u1D7D\\uA751\\uA753\\uA755]","q":"[\\u0071\\u24E0\\uFF51\\u024B\\uA757\\uA759]","r":"[\\u0072\\u24E1\\uFF52\\u0155\\u1E59\\u0159\\u0211\\u0213\\u1E5B\\u1E5D\\u0157\\u1E5F\\u024D\\u027D\\uA75B\\uA7A7\\uA783]","s":"[\\u0073\\u24E2\\uFF53\\u015B\\u1E65\\u015D\\u1E61\\u0161\\u1E67\\u1E63\\u1E69\\u0219\\u015F\\u023F\\uA7A9\\uA785\\u1E9B]","ss":"[\\u00DF]","t":"[\\u0074\\u24E3\\uFF54\\u1E6B\\u1E97\\u0165\\u1E6D\\u021B\\u0163\\u1E71\\u1E6F\\u0167\\u01AD\\u0288\\u2C66\\uA787]","tz":"[\\uA729]","u":"[\\u0075\\u24E4\\uFF55\\u00F9\\u00FA\\u00FB\\u0169\\u1E79\\u016B\\u1E7B\\u016D\\u00FC\\u01DC\\u01D8\\u01D6\\u01DA\\u1EE7\\u016F\\u0171\\u01D4\\u0215\\u0217\\u01B0\\u1EEB\\u1EE9\\u1EEF\\u1EED\\u1EF1\\u1EE5\\u1E73\\u0173\\u1E77\\u1E75\\u0289]","v":"[\\u0076\\u24E5\\uFF56\\u1E7D\\u1E7F\\u028B\\uA75F\\u028C]","vy":"[\\uA761]","w":"[\\u0077\\u24E6\\uFF57\\u1E81\\u1E83\\u0175\\u1E87\\u1E85\\u1E98\\u1E89\\u2C73]","x":"[\\u0078\\u24E7\\uFF58\\u1E8B\\u1E8D]","y":"[\\u0079\\u24E8\\uFF59\\u1EF3\\u00FD\\u0177\\u1EF9\\u0233\\u1E8F\\u00FF\\u1EF7\\u1E99\\u1EF5\\u01B4\\u024F\\u1EFF]","z":"[\\u007A\\u24E9\\uFF5A\\u017A\\u1E91\\u017C\\u017E\\u1E93\\u1E95\\u01B6\\u0225\\u0240\\u2C6C\\uA763]"},"researchesTests":["contentHasTOC","contentHasShortParagraphs","contentHasAssets","keywordInTitle","keywordInMetaDescription","keywordInPermalink","keywordIn10Percent","keywordInContent","keywordInSubheadings","keywordInImageAlt","keywordDensity","keywordNotUsed","lengthContent","lengthPermalink","linksHasInternal","linksHasExternals","linksNotAllExternals","titleStartWithKeyword","titleSentiment","titleHasPowerWords","titleHasNumber","hasContentAI"],"hasRedirection":true,"hasBreadcrumb":true},"homeUrl":"https:\/\/flh-expertise.com\/ro-ro","objectID":2444,"objectType":"post","locale":"ro","localeFull":"ro_RO","overlayImages":{"play":{"name":"Icon redare","url":"https:\/\/flh-expertise.com\/wp-content\/plugins\/seo-by-rank-math\/assets\/admin\/img\/icon-play.png","path":"\/home\/flhexper\/public_html\/wp-content\/plugins\/seo-by-rank-math\/assets\/admin\/img\/icon-play.png","position":"middle_center"},"gif":{"name":"Icon GIF","url":"https:\/\/flh-expertise.com\/wp-content\/plugins\/seo-by-rank-math\/assets\/admin\/img\/icon-gif.png","path":"\/home\/flhexper\/public_html\/wp-content\/plugins\/seo-by-rank-math\/assets\/admin\/img\/icon-gif.png","position":"middle_center"}},"defautOgImage":"https:\/\/flh-expertise.com\/wp-content\/uploads\/2021\/12\/cropped-Logo-FLH-Expertise.jpg","customPermalinks":true,"isUserRegistered":true,"autoSuggestKeywords":true,"connectSiteUrl":"https:\/\/rankmath.com\/auth?site=https%3A%2F%2Fflh-expertise.com%2Fro-ro&r=https%3A%2F%2Fflh-expertise.com%2Fro-ro%2Fwp-json%2Fwp%2Fv2%2Fpages%2F2444%3Fnonce%3D9b6a44dfc5","maxTags":5,"trendsIcon":"<svg viewBox=\"0 0 610 610\"><path d=\"M18.85,446,174.32,290.48l58.08,58.08L76.93,504a14.54,14.54,0,0,1-20.55,0L18.83,466.48a14.54,14.54,0,0,1,0-20.55Z\" style=\"fill:#4285f4\"\/><path d=\"M242.65,242.66,377.59,377.6l-47.75,47.75a14.54,14.54,0,0,1-20.55,0L174.37,290.43l47.75-47.75A14.52,14.52,0,0,1,242.65,242.66Z\" style=\"fill:#ea4335\"\/><polygon points=\"319.53 319.53 479.26 159.8 537.34 217.88 377.61 377.62 319.53 319.53\" style=\"fill:#fabb05\"\/><path d=\"M594.26,262.73V118.61h0a16.94,16.94,0,0,0-16.94-16.94H433.2a16.94,16.94,0,0,0-12,28.92L565.34,274.71h0a16.94,16.94,0,0,0,28.92-12Z\" style=\"fill:#34a853\"\/><rect width=\"610\" height=\"610\" style=\"fill:none\"\/><\/svg>","showScore":true,"siteFavIcon":"https:\/\/flh-expertise.com\/wp-content\/uploads\/2021\/12\/picto-FLH-Expertise.jpg","canUser":{"general":false,"advanced":false,"snippet":false,"social":false,"analysis":false,"analytics":false,"content_ai":false},"showKeywordIntent":true,"isPro":false,"is_front_page":false,"trendsUpgradeLink":"https:\/\/rankmath.com\/pricing\/?utm_source=Plugin&utm_medium=CE%20General%20Tab%20Trends&utm_campaign=WP","trendsUpgradeLabel":"Actualizeaz\u0103","trendsPreviewImage":"https:\/\/flh-expertise.com\/wp-content\/plugins\/seo-by-rank-math\/assets\/admin\/img\/trends-preview.jpg","currentEditor":false,"homepageData":{"assessor":{"powerWords":[],"diacritics":true,"researchesTests":["contentHasTOC","contentHasShortParagraphs","contentHasAssets","keywordInTitle","keywordInMetaDescription","keywordInPermalink","keywordIn10Percent","keywordInContent","keywordInSubheadings","keywordInImageAlt","keywordDensity","keywordNotUsed","lengthContent","lengthPermalink","linksHasInternal","linksHasExternals","linksNotAllExternals","titleStartWithKeyword","titleSentiment","titleHasPowerWords","titleHasNumber","hasContentAI"],"hasBreadcrumb":true,"serpData":{"title":"%sitename% %page% %sep% %sitedesc%","description":"","titleTemplate":"%sitename% %page% %sep% %sitedesc%","descriptionTemplate":"","focusKeywords":"","breadcrumbTitle":"Home","robots":{"index":true},"advancedRobots":[],"facebookTitle":"","facebookDescription":"","facebookImage":"","facebookImageID":""}}},"tocTitle":"Table of Contents","tocExcludeHeadings":[],"listStyle":"ul"},"_links":{"self":[{"href":"https:\/\/flh-expertise.com\/ro-ro\/wp-json\/wp\/v2\/pages\/2444","targetHints":{"allow":["GET"]}}],"collection":[{"href":"https:\/\/flh-expertise.com\/ro-ro\/wp-json\/wp\/v2\/pages"}],"about":[{"href":"https:\/\/flh-expertise.com\/ro-ro\/wp-json\/wp\/v2\/types\/page"}],"author":[{"embeddable":true,"href":"https:\/\/flh-expertise.com\/ro-ro\/wp-json\/wp\/v2\/users\/3"}],"replies":[{"embeddable":true,"href":"https:\/\/flh-expertise.com\/ro-ro\/wp-json\/wp\/v2\/comments?post=2444"}],"version-history":[{"count":5,"href":"https:\/\/flh-expertise.com\/ro-ro\/wp-json\/wp\/v2\/pages\/2444\/revisions"}],"predecessor-version":[{"id":8047,"href":"https:\/\/flh-expertise.com\/ro-ro\/wp-json\/wp\/v2\/pages\/2444\/revisions\/8047"}],"wp:attachment":[{"href":"https:\/\/flh-expertise.com\/ro-ro\/wp-json\/wp\/v2\/media?parent=2444"}],"curies":[{"name":"wp","href":"https:\/\/api.w.org\/{rel}","templated":true}]}}