{"id":3442,"date":"2023-04-27T11:01:10","date_gmt":"2023-04-27T11:01:10","guid":{"rendered":"https:\/\/flh-expertise.com\/?page_id=3442"},"modified":"2023-08-20T08:42:01","modified_gmt":"2023-08-20T08:42:01","slug":"notre-politique-de-confidentialite","status":"publish","type":"page","link":"https:\/\/flh-expertise.com\/ro-ro\/notre-politique-de-confidentialite\/","title":{"rendered":"Politica noastr\u0103 de confiden\u021bialitate"},"content":{"rendered":"<p class=\"has-large-font-size\"><strong>Politica noastr\u0103 de confiden\u021bialitate<\/strong><\/p>\n\n\n\n<p class=\"translation-block\">Site-ul <strong>FLH Expertise<\/strong> utilizeaz\u0103 module cookie. Acestea sunt fi\u0219iere text alfanumerice depuse pe dispozitivul dumneavoastr\u0103 (calculator, tablet\u0103, smartphone, etc.) de c\u0103tre serverul site-ului vizitat sau de unul sau mai mul\u021bi servere ter\u021be \u00een timpul consult\u0103rii unui con\u021binut sau a unei reclame online.<\/p>\n\n\n\n<p>Aceste fi\u0219iere pot fi citite doar de c\u0103tre entitatea care le-a emis. Ele \u00eei permit, pe durata lor de valabilitate, s\u0103 recunoasc\u0103 dispozitivul relevant de fiecare dat\u0103 c\u00e2nd acesta acceseaz\u0103 un con\u021binut digital care con\u021bine module cookie emise de aceea\u0219i entitate.<\/p>\n\n\n\n<p>Cookie-ul nu v\u0103 identific\u0103 personal, ci doar browser-ul dispozitivului dumneavoastr\u0103.<\/p>\n\n\n\n<h3 class=\"wp-block-heading\">Cum gestion\u0103m modulele cookie?<\/h3>\n\n\n\n<p class=\"translation-block\">Aceste module cookie au diferite func\u021bii \u0219i <strong>FLH Expertise<\/strong> utilizeaz\u0103 patru tipuri:<\/p>\n\n\n\n<ul class=\"wp-block-list\">\n<li>Cookie-uri tehnice interne necesare func\u021bion\u0103rii site-ului,<\/li>\n\n\n\n<li>Cookie-uri pentru m\u0103surarea audien\u021bei \u0219i statistici,<\/li>\n\n\n\n<li>Cookie-uri publicitare,<\/li>\n\n\n\n<li>Cookie-uri ter\u021be pentru \u00eembun\u0103t\u0103\u021birea interactivit\u0103\u021bii site-ului.<\/li>\n<\/ul>\n\n\n\n<p class=\"translation-block\">Reglementarea oblig\u0103 <strong>FLH Expertise<\/strong> s\u0103 informeze vizitatorii \u0219i s\u0103 le permit\u0103 s\u0103 accepte sau s\u0103 refuze stocarea acestor module cookie. \u00cen acest scop, o banderol\u0103 apare pe pagina site-ului consultat\u0103 \u00een timpul primei vizite. Atunci, cititorului \u00eei sunt oferite dou\u0103 posibilit\u0103\u021bi: s\u0103 accepte modulele cookie (\u00een acest caz, banderola nu va mai ap\u0103rea timp de o lun\u0103) sau s\u0103 le refuze (utilizatorul este redirec\u021bionat c\u0103tre o pagin\u0103 care \u00eei prezint\u0103 pa\u0219ii de urmat pentru a refuza modulele cookie). Dac\u0103 le accept\u0103 \u0219i dore\u0219te s\u0103 le refuze ulterior, are posibilitatea s\u0103 revin\u0103 asupra acestei decizii urm\u00e2nd metodologia prezentat\u0103 mai jos. \u00cen caz contrar, va trebui s\u0103 activeze din nou modulele cookie \u00een browser-ul s\u0103u \u0219i apoi s\u0103 se reconecteze la site-ul <strong>FLH Expertise<\/strong>.<\/p>\n\n\n\n<h4 class=\"wp-block-heading\">Cookie-uri tehnice interne necesare func\u021bion\u0103rii site-ului<\/h4>\n\n\n\n<p>Aceste cookie-uri func\u021bionale sunt necesare pentru navigarea pe site-ul nostru. Ele contribuie la confortul dumneavoastr\u0103: adapteaz\u0103 prezentarea site-ului la preferin\u021bele de afi\u0219are ale dispozitivului dvs. (limba utilizat\u0103, rezolu\u021bie de afi\u0219are), memoreaz\u0103 parolele \u0219i alte informa\u021bii referitoare la un formular completat pe site.<\/p>\n\n\n\n<p>De exemplu, dac\u0103 l\u0103sa\u021bi un comentariu pe site-ul nostru, vi se va propune s\u0103 v\u0103 salva\u021bi numele, adresa de email \u0219i site-ul web \u00een cookie-uri. Acest lucru este \u00een scopul confortului dumneavoastr\u0103, pentru a nu fi necesar s\u0103 reintroduce\u021bi aceste informa\u021bii dac\u0103 l\u0103sa\u021bi un alt comentariu ulterior.<\/p>\n\n\n\n<p class=\"translation-block\">Ele contribuie, de asemenea, la securizarea site-ului FLH-Expertise \u0219i, \u00een acest sens, sunt esen\u021biale pentru buna sa func\u021bionare. Acesta este cazul cookie-urilor depuse de aplica\u021bia Askimet sau de extensia SecuPress.<\/p>\n\n\n\n<p>Aceste cookie-uri nu pot fi dezactivate sau configurate, altfel exist\u0103 riscul de a nu putea accesa site-ul \u0219i\/sau anumite servicii ale acestuia.<\/p>\n\n\n\n<p>Cookie-urile de confort expir\u0103 \u00een termen de doisprezece luni, iar cookie-urile SecuPress \u00eentre 30 de minute \u0219i 1 an.<\/p>\n\n\n\n<h4 class=\"wp-block-heading\">Cookie-uri pentru m\u0103surarea audien\u021bei \u0219i statistici<\/h4>\n\n\n\n<p class=\"translation-block\">Cookie-urile pentru m\u0103surarea audien\u021bei sunt emise de c\u0103tre FLH Expertise sau de c\u0103tre furnizorii s\u0103i tehnici \u00een scopul m\u0103sur\u0103rii audien\u021bei diferitelor con\u021binute \u0219i sec\u021biuni (num\u0103r de vizite, num\u0103r de pagini vizualizate, num\u0103rul de pagini per vizit\u0103, activitatea vizitatorilor pe site \u0219i rata lor de respingere), evaluarea lor \u0219i organizarea lor mai bun\u0103. Ele permit, de asemenea, detectarea problemelor de navigare \u0219i, astfel, \u00eembun\u0103t\u0103\u021birea ergonomiei serviciilor noastre.<\/p>\n\n\n\n<p class=\"translation-block\">Folosim instrumentul de m\u0103surare a audien\u021bei \"Google Analytics\", care utilizeaz\u0103 cookie-uri. Lista cookie-urilor utilizate de Google Analytics este prezentat\u0103 aici: https:\/\/developers.google.com\/analytics\/devguides\/collection\/analyticsjs\/cookie-usage?hl=fr<\/p>\n\n\n\n<p>Cookie-urile Google Analytics nu \u00eenregistreaz\u0103 nicio informa\u021bie care s\u0103 permit\u0103 identificarea dumneavoastr\u0103; func\u021bionalit\u0103\u021bile avansate ale Google Analytics sunt dezactivate de c\u0103tre noi. Mai mult, am personalizat codul nostru de urm\u0103rire pentru a activa mascarea adreselor IP. Astfel, toate adresele IP ale utilizatorilor site-ului nostru web sunt anonimizate \u00een Google Analytics.<\/p>\n\n\n\n<p>Cookie-urile pentru m\u0103surarea audien\u021bei au o durat\u0103 variabil\u0103 \u00een func\u021bie de natura lor, \u00eentre 30 de secunde \u0219i 2 ani.<\/p>\n\n\n\n<h4 class=\"wp-block-heading\">&nbsp;<\/h4>\n\n\n\n<h4 class=\"wp-block-heading\">Cookie-uri implementate \"Butoane de partajare\"<\/h4>\n\n\n\n<p>Cookie-urile \"re\u021bele sociale\" permit partajarea con\u021binutului de pe site-ul nostru cu alte persoane sau s\u0103 informeze aceste persoane cu privire la vizualizarea sau opinia dumneavoastr\u0103 cu privire la un con\u021binut de pe site. Acesta este cazul, \u00een special, al butoanelor \"partajare\", \"apreciere\", furnizate de re\u021belele sociale Facebook sau Twitter, sau al butoanelor de partajare Linkedin<\/p>\n\n\n\n<p>Re\u021beaua social\u0103 care furnizeaz\u0103 un astfel de buton aplicativ poate s\u0103 v\u0103 identifice cu ajutorul acestui buton, chiar dac\u0103 nu l-a\u021bi utilizat \u00een timpul vizitei pe site-ul nostru.<\/p>\n\n\n\n<p>V\u0103 invit\u0103m s\u0103 consulta\u021bi politicile de protec\u021bie a vie\u021bii private ale acestor re\u021bele sociale pentru a afla despre scopurile utiliz\u0103rii lor, \u00een special cele publicitare, informa\u021biile de navigare pe care le pot colecta prin intermediul acestor butoane aplicative \u0219i durata de via\u021b\u0103 a cookie-urilor stocate.<\/p>\n\n\n\n<h3 class=\"wp-block-heading\" id=\"refusercookies\">Cum s\u0103 refuza\u021bi modulele cookie?<\/h3>\n\n\n\n<h4 class=\"wp-block-heading\">Refuzul modulelor cookie \u00een mod general din browser-ul dumneavoastr\u0103 de internet<\/h4>\n\n\n\n<p>Pute\u021bi alege \u00een orice moment s\u0103 dezactiva\u021bi toate sau o parte din modulele cookie. Browser-ul dumneavoastr\u0103 poate fi, de asemenea, configurat pentru a v\u0103 avertiza cu privire la modulele cookie stocate \u00een dispozitivul dumneavoastr\u0103 \u0219i pentru a v\u0103 solicita s\u0103 le accepta\u021bi sau s\u0103 le refuza\u021bi.<\/p>\n\n\n\n<p class=\"translation-block\">Iat\u0103 pa\u0219ii de urmat \u00een func\u021bie de diferitele browsere (pentru o prezentare complet\u0103 \u2192 https:\/\/fr.wikihow.com\/d\u00e9sactiver-les-cookies)<\/p>\n\n\n\n<p class=\"translation-block\">De asemenea, pute\u021bi gestiona utilizarea \u0219i exploatarea modulelor cookie publicitare vizit\u00e2nd platforma de gestionare a modulelor cookie publicitare oferit\u0103 de profesioni\u0219tii din domeniul publicit\u0103\u021bii (http:\/\/www.youronlinechoices.com\/fr\/controler-ses-cookies\/) \u0219i urm\u00e2nd instruc\u021biunile furnizate acolo.<\/p>\n\n\n\n<p>Aceast\u0103 platform\u0103 v\u0103 permite s\u0103 dezactiva\u021bi reclamele pe internet bazate pe interesele dvs. definite \u00een func\u021bie de activitatea dvs. pe internet \u0219i navigarea anterioar\u0103.  <\/p>\n\n\n\n<p>Dezactivarea modulelor cookie publicitare pe platforma de gestionare a modulelor cookie publicitare oferit\u0103 de profesioni\u0219tii din domeniul publicit\u0103\u021bii va \u00eempiedica afi\u0219area tuturor reclamelor direc\u021bionate \u00een func\u021bie de interesele dvs., dar ve\u021bi continua s\u0103 primi\u021bi celelalte reclame. Celelalte module cookie publicitare care nu se bazeaz\u0103 pe publicitatea \u00een func\u021bie de interese pot fi dezactivate prin configurarea browser-ului dvs. (vezi mai sus).<\/p>","protected":false},"excerpt":{"rendered":"<p>Notre politique de confidentialit\u00e9 Le site\u00a0FLH Expertise\u00a0met en place des cookies. Il s\u2019agit de fichiers texte au format alphanum\u00e9rique d\u00e9pos\u00e9s sur votre terminal (ordinateur, tablette, smartphone,\u2026), par le serveur du site visit\u00e9 ou par un ou plusieurs serveurs tiers lors de la consultation d\u2019un contenu ou d\u2019une publicit\u00e9 en ligne. Ces fichiers ne peuvent \u00eatre [&hellip;]<\/p>","protected":false},"author":3,"featured_media":0,"parent":0,"menu_order":0,"comment_status":"closed","ping_status":"closed","template":"","meta":{"footnotes":""},"class_list":["post-3442","page","type-page","status-publish","hentry"],"rankMath":{"parentDomain":"flh-expertise.com","noFollowDomains":[],"noFollowExcludeDomains":[],"noFollowExternalLinks":false,"featuredImageNotice":"Imaginea reprezentativ\u0103 ar trebui s\u0103 fie de cel pu\u021bin 200 x 200 pixeli pentru a fi preluat\u0103 de Facebook \u0219i de alte re\u021bele de socializare.","pluginReviewed":false,"postSettings":{"linkSuggestions":true,"useFocusKeyword":false},"frontEndScore":false,"postName":"notre-politique-de-confidentialite","permalinkFormat":"https:\/\/flh-expertise.com\/ro-ro\/%pagename%\/","showLockModifiedDate":true,"assessor":{"focusKeywordLink":"https:\/\/flh-expertise.com\/wp-admin\/edit.php?focus_keyword=%focus_keyword%&post_type=%post_type%","hasTOCPlugin":true,"primaryTaxonomy":false,"serpData":{"title":"","description":"","focusKeywords":"","pillarContent":false,"canonicalUrl":"","breadcrumbTitle":"","advancedRobots":[],"facebookTitle":"","facebookDescription":"","facebookImage":"","facebookImageID":"","facebookHasOverlay":false,"facebookImageOverlay":"","facebookAuthor":"","twitterCardType":"","twitterUseFacebook":true,"twitterTitle":"","twitterDescription":"","twitterImage":"","twitterImageID":"","twitterHasOverlay":false,"twitterImageOverlay":"","twitterPlayerUrl":"","twitterPlayerSize":"","twitterPlayerStream":"","twitterPlayerStreamCtype":"","twitterAppDescription":"","twitterAppIphoneName":"","twitterAppIphoneID":"","twitterAppIphoneUrl":"","twitterAppIpadName":"","twitterAppIpadID":"","twitterAppIpadUrl":"","twitterAppGoogleplayName":"","twitterAppGoogleplayID":"","twitterAppGoogleplayUrl":"","twitterAppCountry":"","robots":{"index":true},"twitterAuthor":"nume utilizator","primaryTerm":0,"authorName":"Code Couture","titleTemplate":"%title% %page% %sep% %sitename%","descriptionTemplate":"","showScoreFrontend":true,"lockModifiedDate":false},"powerWords":[],"diacritics":{"A":"[\\u0041\\u24B6\\uFF21\\u00C0\\u00C1\\u00C2\\u1EA6\\u1EA4\\u1EAA\\u1EA8\\u00C3\\u0100\\u0102\\u1EB0\\u1EAE\\u1EB4\\u1EB2\\u0226\\u01E0\\u00C4\\u01DE\\u1EA2\\u00C5\\u01FA\\u01CD\\u0200\\u0202\\u1EA0\\u1EAC\\u1EB6\\u1E00\\u0104\\u023A\\u2C6F]","AA":"[\\uA732]","AE":"[\\u00C6\\u01FC\\u01E2]","AO":"[\\uA734]","AU":"[\\uA736]","AV":"[\\uA738\\uA73A]","AY":"[\\uA73C]","B":"[\\u0042\\u24B7\\uFF22\\u1E02\\u1E04\\u1E06\\u0243\\u0182\\u0181]","C":"[\\u0043\\u24B8\\uFF23\\u0106\\u0108\\u010A\\u010C\\u00C7\\u1E08\\u0187\\u023B\\uA73E]","D":"[\\u0044\\u24B9\\uFF24\\u1E0A\\u010E\\u1E0C\\u1E10\\u1E12\\u1E0E\\u0110\\u018B\\u018A\\u0189\\uA779]","DZ":"[\\u01F1\\u01C4]","Dz":"[\\u01F2\\u01C5]","E":"[\\u0045\\u24BA\\uFF25\\u00C8\\u00C9\\u00CA\\u1EC0\\u1EBE\\u1EC4\\u1EC2\\u1EBC\\u0112\\u1E14\\u1E16\\u0114\\u0116\\u00CB\\u1EBA\\u011A\\u0204\\u0206\\u1EB8\\u1EC6\\u0228\\u1E1C\\u0118\\u1E18\\u1E1A\\u0190\\u018E]","F":"[\\u0046\\u24BB\\uFF26\\u1E1E\\u0191\\uA77B]","G":"[\\u0047\\u24BC\\uFF27\\u01F4\\u011C\\u1E20\\u011E\\u0120\\u01E6\\u0122\\u01E4\\u0193\\uA7A0\\uA77D\\uA77E]","H":"[\\u0048\\u24BD\\uFF28\\u0124\\u1E22\\u1E26\\u021E\\u1E24\\u1E28\\u1E2A\\u0126\\u2C67\\u2C75\\uA78D]","I":"[\\u0049\\u24BE\\uFF29\\u00CC\\u00CD\\u00CE\\u0128\\u012A\\u012C\\u0130\\u00CF\\u1E2E\\u1EC8\\u01CF\\u0208\\u020A\\u1ECA\\u012E\\u1E2C\\u0197]","J":"[\\u004A\\u24BF\\uFF2A\\u0134\\u0248]","K":"[\\u004B\\u24C0\\uFF2B\\u1E30\\u01E8\\u1E32\\u0136\\u1E34\\u0198\\u2C69\\uA740\\uA742\\uA744\\uA7A2]","L":"[\\u004C\\u24C1\\uFF2C\\u013F\\u0139\\u013D\\u1E36\\u1E38\\u013B\\u1E3C\\u1E3A\\u0141\\u023D\\u2C62\\u2C60\\uA748\\uA746\\uA780]","LJ":"[\\u01C7]","Lj":"[\\u01C8]","M":"[\\u004D\\u24C2\\uFF2D\\u1E3E\\u1E40\\u1E42\\u2C6E\\u019C]","N":"[\\u004E\\u24C3\\uFF2E\\u01F8\\u0143\\u00D1\\u1E44\\u0147\\u1E46\\u0145\\u1E4A\\u1E48\\u0220\\u019D\\uA790\\uA7A4]","NJ":"[\\u01CA]","Nj":"[\\u01CB]","O":"[\\u004F\\u24C4\\uFF2F\\u00D2\\u00D3\\u00D4\\u1ED2\\u1ED0\\u1ED6\\u1ED4\\u00D5\\u1E4C\\u022C\\u1E4E\\u014C\\u1E50\\u1E52\\u014E\\u022E\\u0230\\u00D6\\u022A\\u1ECE\\u0150\\u01D1\\u020C\\u020E\\u01A0\\u1EDC\\u1EDA\\u1EE0\\u1EDE\\u1EE2\\u1ECC\\u1ED8\\u01EA\\u01EC\\u00D8\\u01FE\\u0186\\u019F\\uA74A\\uA74C]","OI":"[\\u01A2]","OO":"[\\uA74E]","OU":"[\\u0222]","P":"[\\u0050\\u24C5\\uFF30\\u1E54\\u1E56\\u01A4\\u2C63\\uA750\\uA752\\uA754]","Q":"[\\u0051\\u24C6\\uFF31\\uA756\\uA758\\u024A]","R":"[\\u0052\\u24C7\\uFF32\\u0154\\u1E58\\u0158\\u0210\\u0212\\u1E5A\\u1E5C\\u0156\\u1E5E\\u024C\\u2C64\\uA75A\\uA7A6\\uA782]","S":"[\\u0053\\u24C8\\uFF33\\u1E9E\\u015A\\u1E64\\u015C\\u1E60\\u0160\\u1E66\\u1E62\\u1E68\\u0218\\u015E\\u2C7E\\uA7A8\\uA784]","T":"[\\u0054\\u24C9\\uFF34\\u1E6A\\u0164\\u1E6C\\u021A\\u0162\\u1E70\\u1E6E\\u0166\\u01AC\\u01AE\\u023E\\uA786]","TZ":"[\\uA728]","U":"[\\u0055\\u24CA\\uFF35\\u00D9\\u00DA\\u00DB\\u0168\\u1E78\\u016A\\u1E7A\\u016C\\u00DC\\u01DB\\u01D7\\u01D5\\u01D9\\u1EE6\\u016E\\u0170\\u01D3\\u0214\\u0216\\u01AF\\u1EEA\\u1EE8\\u1EEE\\u1EEC\\u1EF0\\u1EE4\\u1E72\\u0172\\u1E76\\u1E74\\u0244]","V":"[\\u0056\\u24CB\\uFF36\\u1E7C\\u1E7E\\u01B2\\uA75E\\u0245]","VY":"[\\uA760]","W":"[\\u0057\\u24CC\\uFF37\\u1E80\\u1E82\\u0174\\u1E86\\u1E84\\u1E88\\u2C72]","X":"[\\u0058\\u24CD\\uFF38\\u1E8A\\u1E8C]","Y":"[\\u0059\\u24CE\\uFF39\\u1EF2\\u00DD\\u0176\\u1EF8\\u0232\\u1E8E\\u0178\\u1EF6\\u1EF4\\u01B3\\u024E\\u1EFE]","Z":"[\\u005A\\u24CF\\uFF3A\\u0179\\u1E90\\u017B\\u017D\\u1E92\\u1E94\\u01B5\\u0224\\u2C7F\\u2C6B\\uA762]","a":"[\\u0061\\u24D0\\uFF41\\u1E9A\\u00E0\\u00E1\\u00E2\\u1EA7\\u1EA5\\u1EAB\\u1EA9\\u00E3\\u0101\\u0103\\u1EB1\\u1EAF\\u1EB5\\u1EB3\\u0227\\u01E1\\u00E4\\u01DF\\u1EA3\\u00E5\\u01FB\\u01CE\\u0201\\u0203\\u1EA1\\u1EAD\\u1EB7\\u1E01\\u0105\\u2C65\\u0250]","aa":"[\\uA733]","ae":"[\\u00E6\\u01FD\\u01E3]","ao":"[\\uA735]","au":"[\\uA737]","av":"[\\uA739\\uA73B]","ay":"[\\uA73D]","b":"[\\u0062\\u24D1\\uFF42\\u1E03\\u1E05\\u1E07\\u0180\\u0183\\u0253]","c":"[\\u0063\\u24D2\\uFF43\\u0107\\u0109\\u010B\\u010D\\u00E7\\u1E09\\u0188\\u023C\\uA73F\\u2184]","d":"[\\u0064\\u24D3\\uFF44\\u1E0B\\u010F\\u1E0D\\u1E11\\u1E13\\u1E0F\\u0111\\u018C\\u0256\\u0257\\uA77A]","dz":"[\\u01F3\\u01C6]","e":"[\\u0065\\u24D4\\uFF45\\u00E8\\u00E9\\u00EA\\u1EC1\\u1EBF\\u1EC5\\u1EC3\\u1EBD\\u0113\\u1E15\\u1E17\\u0115\\u0117\\u00EB\\u1EBB\\u011B\\u0205\\u0207\\u1EB9\\u1EC7\\u0229\\u1E1D\\u0119\\u1E19\\u1E1B\\u0247\\u025B\\u01DD]","f":"[\\u0066\\u24D5\\uFF46\\u1E1F\\u0192\\uA77C]","g":"[\\u0067\\u24D6\\uFF47\\u01F5\\u011D\\u1E21\\u011F\\u0121\\u01E7\\u0123\\u01E5\\u0260\\uA7A1\\u1D79\\uA77F]","h":"[\\u0068\\u24D7\\uFF48\\u0125\\u1E23\\u1E27\\u021F\\u1E25\\u1E29\\u1E2B\\u1E96\\u0127\\u2C68\\u2C76\\u0265]","hv":"[\\u0195]","i":"[\\u0069\\u24D8\\uFF49\\u00EC\\u00ED\\u00EE\\u0129\\u012B\\u012D\\u00EF\\u1E2F\\u1EC9\\u01D0\\u0209\\u020B\\u1ECB\\u012F\\u1E2D\\u0268\\u0131]","j":"[\\u006A\\u24D9\\uFF4A\\u0135\\u01F0\\u0249]","k":"[\\u006B\\u24DA\\uFF4B\\u1E31\\u01E9\\u1E33\\u0137\\u1E35\\u0199\\u2C6A\\uA741\\uA743\\uA745\\uA7A3]","l":"[\\u006C\\u24DB\\uFF4C\\u0140\\u013A\\u013E\\u1E37\\u1E39\\u013C\\u1E3D\\u1E3B\\u017F\\u0142\\u019A\\u026B\\u2C61\\uA749\\uA781\\uA747]","lj":"[\\u01C9]","m":"[\\u006D\\u24DC\\uFF4D\\u1E3F\\u1E41\\u1E43\\u0271\\u026F]","n":"[\\u006E\\u24DD\\uFF4E\\u01F9\\u0144\\u00F1\\u1E45\\u0148\\u1E47\\u0146\\u1E4B\\u1E49\\u019E\\u0272\\u0149\\uA791\\uA7A5]","nj":"[\\u01CC]","o":"[\\u006F\\u24DE\\uFF4F\\u00F2\\u00F3\\u00F4\\u1ED3\\u1ED1\\u1ED7\\u1ED5\\u00F5\\u1E4D\\u022D\\u1E4F\\u014D\\u1E51\\u1E53\\u014F\\u022F\\u0231\\u00F6\\u022B\\u1ECF\\u0151\\u01D2\\u020D\\u020F\\u01A1\\u1EDD\\u1EDB\\u1EE1\\u1EDF\\u1EE3\\u1ECD\\u1ED9\\u01EB\\u01ED\\u00F8\\u01FF\\u0254\\uA74B\\uA74D\\u0275]","oi":"[\\u01A3]","ou":"[\\u0223]","oo":"[\\uA74F]","p":"[\\u0070\\u24DF\\uFF50\\u1E55\\u1E57\\u01A5\\u1D7D\\uA751\\uA753\\uA755]","q":"[\\u0071\\u24E0\\uFF51\\u024B\\uA757\\uA759]","r":"[\\u0072\\u24E1\\uFF52\\u0155\\u1E59\\u0159\\u0211\\u0213\\u1E5B\\u1E5D\\u0157\\u1E5F\\u024D\\u027D\\uA75B\\uA7A7\\uA783]","s":"[\\u0073\\u24E2\\uFF53\\u015B\\u1E65\\u015D\\u1E61\\u0161\\u1E67\\u1E63\\u1E69\\u0219\\u015F\\u023F\\uA7A9\\uA785\\u1E9B]","ss":"[\\u00DF]","t":"[\\u0074\\u24E3\\uFF54\\u1E6B\\u1E97\\u0165\\u1E6D\\u021B\\u0163\\u1E71\\u1E6F\\u0167\\u01AD\\u0288\\u2C66\\uA787]","tz":"[\\uA729]","u":"[\\u0075\\u24E4\\uFF55\\u00F9\\u00FA\\u00FB\\u0169\\u1E79\\u016B\\u1E7B\\u016D\\u00FC\\u01DC\\u01D8\\u01D6\\u01DA\\u1EE7\\u016F\\u0171\\u01D4\\u0215\\u0217\\u01B0\\u1EEB\\u1EE9\\u1EEF\\u1EED\\u1EF1\\u1EE5\\u1E73\\u0173\\u1E77\\u1E75\\u0289]","v":"[\\u0076\\u24E5\\uFF56\\u1E7D\\u1E7F\\u028B\\uA75F\\u028C]","vy":"[\\uA761]","w":"[\\u0077\\u24E6\\uFF57\\u1E81\\u1E83\\u0175\\u1E87\\u1E85\\u1E98\\u1E89\\u2C73]","x":"[\\u0078\\u24E7\\uFF58\\u1E8B\\u1E8D]","y":"[\\u0079\\u24E8\\uFF59\\u1EF3\\u00FD\\u0177\\u1EF9\\u0233\\u1E8F\\u00FF\\u1EF7\\u1E99\\u1EF5\\u01B4\\u024F\\u1EFF]","z":"[\\u007A\\u24E9\\uFF5A\\u017A\\u1E91\\u017C\\u017E\\u1E93\\u1E95\\u01B6\\u0225\\u0240\\u2C6C\\uA763]"},"researchesTests":["contentHasTOC","contentHasShortParagraphs","contentHasAssets","keywordInTitle","keywordInMetaDescription","keywordInPermalink","keywordIn10Percent","keywordInContent","keywordInSubheadings","keywordInImageAlt","keywordDensity","keywordNotUsed","lengthContent","lengthPermalink","linksHasInternal","linksHasExternals","linksNotAllExternals","titleStartWithKeyword","titleSentiment","titleHasPowerWords","titleHasNumber","hasContentAI"],"hasRedirection":true,"hasBreadcrumb":true},"homeUrl":"https:\/\/flh-expertise.com\/ro-ro","objectID":3442,"objectType":"post","locale":"ro","localeFull":"ro_RO","overlayImages":{"play":{"name":"Icon redare","url":"https:\/\/flh-expertise.com\/wp-content\/plugins\/seo-by-rank-math\/assets\/admin\/img\/icon-play.png","path":"\/home\/flhexper\/public_html\/wp-content\/plugins\/seo-by-rank-math\/assets\/admin\/img\/icon-play.png","position":"middle_center"},"gif":{"name":"Icon GIF","url":"https:\/\/flh-expertise.com\/wp-content\/plugins\/seo-by-rank-math\/assets\/admin\/img\/icon-gif.png","path":"\/home\/flhexper\/public_html\/wp-content\/plugins\/seo-by-rank-math\/assets\/admin\/img\/icon-gif.png","position":"middle_center"}},"defautOgImage":"https:\/\/flh-expertise.com\/wp-content\/uploads\/2021\/12\/cropped-Logo-FLH-Expertise.jpg","customPermalinks":true,"isUserRegistered":true,"autoSuggestKeywords":true,"connectSiteUrl":"https:\/\/rankmath.com\/auth?site=https%3A%2F%2Fflh-expertise.com%2Fro-ro&r=https%3A%2F%2Fflh-expertise.com%2Fro-ro%2Fwp-json%2Fwp%2Fv2%2Fpages%2F3442%3Fnonce%3D9b6a44dfc5","maxTags":5,"trendsIcon":"<svg viewBox=\"0 0 610 610\"><path d=\"M18.85,446,174.32,290.48l58.08,58.08L76.93,504a14.54,14.54,0,0,1-20.55,0L18.83,466.48a14.54,14.54,0,0,1,0-20.55Z\" style=\"fill:#4285f4\"\/><path d=\"M242.65,242.66,377.59,377.6l-47.75,47.75a14.54,14.54,0,0,1-20.55,0L174.37,290.43l47.75-47.75A14.52,14.52,0,0,1,242.65,242.66Z\" style=\"fill:#ea4335\"\/><polygon points=\"319.53 319.53 479.26 159.8 537.34 217.88 377.61 377.62 319.53 319.53\" style=\"fill:#fabb05\"\/><path d=\"M594.26,262.73V118.61h0a16.94,16.94,0,0,0-16.94-16.94H433.2a16.94,16.94,0,0,0-12,28.92L565.34,274.71h0a16.94,16.94,0,0,0,28.92-12Z\" style=\"fill:#34a853\"\/><rect width=\"610\" height=\"610\" style=\"fill:none\"\/><\/svg>","showScore":true,"siteFavIcon":"https:\/\/flh-expertise.com\/wp-content\/uploads\/2021\/12\/picto-FLH-Expertise.jpg","canUser":{"general":false,"advanced":false,"snippet":false,"social":false,"analysis":false,"analytics":false,"content_ai":false},"showKeywordIntent":true,"isPro":false,"is_front_page":false,"trendsUpgradeLink":"https:\/\/rankmath.com\/pricing\/?utm_source=Plugin&utm_medium=CE%20General%20Tab%20Trends&utm_campaign=WP","trendsUpgradeLabel":"Actualizeaz\u0103","trendsPreviewImage":"https:\/\/flh-expertise.com\/wp-content\/plugins\/seo-by-rank-math\/assets\/admin\/img\/trends-preview.jpg","currentEditor":false,"homepageData":{"assessor":{"powerWords":[],"diacritics":true,"researchesTests":["contentHasTOC","contentHasShortParagraphs","contentHasAssets","keywordInTitle","keywordInMetaDescription","keywordInPermalink","keywordIn10Percent","keywordInContent","keywordInSubheadings","keywordInImageAlt","keywordDensity","keywordNotUsed","lengthContent","lengthPermalink","linksHasInternal","linksHasExternals","linksNotAllExternals","titleStartWithKeyword","titleSentiment","titleHasPowerWords","titleHasNumber","hasContentAI"],"hasBreadcrumb":true,"serpData":{"title":"%sitename% %page% %sep% %sitedesc%","description":"","titleTemplate":"%sitename% %page% %sep% %sitedesc%","descriptionTemplate":"","focusKeywords":"","breadcrumbTitle":"Home","robots":{"index":true},"advancedRobots":[],"facebookTitle":"","facebookDescription":"","facebookImage":"","facebookImageID":""}}},"tocTitle":"Table of Contents","tocExcludeHeadings":[],"listStyle":"ul"},"_links":{"self":[{"href":"https:\/\/flh-expertise.com\/ro-ro\/wp-json\/wp\/v2\/pages\/3442","targetHints":{"allow":["GET"]}}],"collection":[{"href":"https:\/\/flh-expertise.com\/ro-ro\/wp-json\/wp\/v2\/pages"}],"about":[{"href":"https:\/\/flh-expertise.com\/ro-ro\/wp-json\/wp\/v2\/types\/page"}],"author":[{"embeddable":true,"href":"https:\/\/flh-expertise.com\/ro-ro\/wp-json\/wp\/v2\/users\/3"}],"replies":[{"embeddable":true,"href":"https:\/\/flh-expertise.com\/ro-ro\/wp-json\/wp\/v2\/comments?post=3442"}],"version-history":[{"count":4,"href":"https:\/\/flh-expertise.com\/ro-ro\/wp-json\/wp\/v2\/pages\/3442\/revisions"}],"predecessor-version":[{"id":8061,"href":"https:\/\/flh-expertise.com\/ro-ro\/wp-json\/wp\/v2\/pages\/3442\/revisions\/8061"}],"wp:attachment":[{"href":"https:\/\/flh-expertise.com\/ro-ro\/wp-json\/wp\/v2\/media?parent=3442"}],"curies":[{"name":"wp","href":"https:\/\/api.w.org\/{rel}","templated":true}]}}